{"id":9452,"date":"2021-02-16T09:49:56","date_gmt":"2021-02-16T08:49:56","guid":{"rendered":"http:\/\/beta.newwave-media.it\/euroflex\/produits\/stores-a-bras-en-etriers-independants\/"},"modified":"2021-02-17T15:01:25","modified_gmt":"2021-02-17T14:01:25","slug":"stores-a-bras-en-etriers-independants","status":"publish","type":"page","link":"https:\/\/www.euroflex.cc\/fr\/produits\/stores-a-bras-en-etriers-independants\/","title":{"rendered":"Stores \u00e0 bras en \u00e9triers ind\u00e9pendants"},"content":{"rendered":"","protected":false},"excerpt":{"rendered":"","protected":false},"author":2,"featured_media":0,"parent":9443,"menu_order":0,"comment_status":"closed","ping_status":"closed","template":"tmpl_product_category.php","meta":[],"yoast_head":"<!-- This site is optimized with the Yoast SEO plugin v15.8 - https:\/\/yoast.com\/wordpress\/plugins\/seo\/ -->\n<title>Stores \u00e0 bras en \u00e9triers ind\u00e9pendants | Euroflex<\/title>\n<meta name=\"robots\" content=\"index, follow, max-snippet:-1, max-image-preview:large, max-video-preview:-1\" \/>\n<link rel=\"canonical\" href=\"https:\/\/www.euroflex.cc\/fr\/produits\/stores-a-bras-en-etriers-independants\/\" \/>\n<meta property=\"og:locale\" content=\"fr_FR\" \/>\n<meta property=\"og:type\" content=\"article\" \/>\n<meta property=\"og:title\" content=\"Stores \u00e0 bras en \u00e9triers ind\u00e9pendants | Euroflex\" \/>\n<meta property=\"og:url\" content=\"https:\/\/www.euroflex.cc\/fr\/produits\/stores-a-bras-en-etriers-independants\/\" \/>\n<meta property=\"og:site_name\" content=\"Euroflex\" \/>\n<meta property=\"article:modified_time\" content=\"2021-02-17T14:01:25+00:00\" \/>\n<meta name=\"twitter:card\" content=\"summary_large_image\" \/>\n<script type=\"application\/ld+json\" class=\"yoast-schema-graph\">{\"@context\":\"https:\/\/schema.org\",\"@graph\":[{\"@type\":\"WebSite\",\"@id\":\"https:\/\/www.euroflex.cc\/en\/#website\",\"url\":\"https:\/\/www.euroflex.cc\/en\/\",\"name\":\"Euroflex\",\"description\":\"Componenti per tende da sole\",\"inLanguage\":\"fr-FR\"},{\"@type\":\"WebPage\",\"@id\":\"https:\/\/www.euroflex.cc\/fr\/produits\/stores-a-bras-en-etriers-independants\/#webpage\",\"url\":\"https:\/\/www.euroflex.cc\/fr\/produits\/stores-a-bras-en-etriers-independants\/\",\"name\":\"Stores \\u00e0 bras en \\u00e9triers ind\\u00e9pendants | Euroflex\",\"isPartOf\":{\"@id\":\"https:\/\/www.euroflex.cc\/en\/#website\"},\"datePublished\":\"2021-02-16T08:49:56+00:00\",\"dateModified\":\"2021-02-17T14:01:25+00:00\",\"breadcrumb\":{\"@id\":\"https:\/\/www.euroflex.cc\/fr\/produits\/stores-a-bras-en-etriers-independants\/#breadcrumb\"},\"inLanguage\":\"fr-FR\",\"potentialAction\":[{\"@type\":\"ReadAction\",\"target\":[\"https:\/\/www.euroflex.cc\/fr\/produits\/stores-a-bras-en-etriers-independants\/\"]}]},{\"@type\":\"BreadcrumbList\",\"@id\":\"https:\/\/www.euroflex.cc\/fr\/produits\/stores-a-bras-en-etriers-independants\/#breadcrumb\",\"itemListElement\":[{\"@type\":\"ListItem\",\"position\":1,\"item\":{\"@type\":\"WebPage\",\"@id\":\"https:\/\/www.euroflex.cc\/fr\/\",\"url\":\"https:\/\/www.euroflex.cc\/fr\/\",\"name\":\"Home\"}},{\"@type\":\"ListItem\",\"position\":2,\"item\":{\"@type\":\"WebPage\",\"@id\":\"https:\/\/www.euroflex.cc\/fr\/produits\/\",\"url\":\"https:\/\/www.euroflex.cc\/fr\/produits\/\",\"name\":\"Produits\"}},{\"@type\":\"ListItem\",\"position\":3,\"item\":{\"@type\":\"WebPage\",\"@id\":\"https:\/\/www.euroflex.cc\/fr\/produits\/stores-a-bras-en-etriers-independants\/\",\"url\":\"https:\/\/www.euroflex.cc\/fr\/produits\/stores-a-bras-en-etriers-independants\/\",\"name\":\"Stores \\u00e0 bras en \\u00e9triers ind\\u00e9pendants\"}}]}]}<\/script>\n<!-- \/ Yoast SEO plugin. -->","_links":{"self":[{"href":"https:\/\/www.euroflex.cc\/fr\/wp-json\/wp\/v2\/pages\/9452"}],"collection":[{"href":"https:\/\/www.euroflex.cc\/fr\/wp-json\/wp\/v2\/pages"}],"about":[{"href":"https:\/\/www.euroflex.cc\/fr\/wp-json\/wp\/v2\/types\/page"}],"author":[{"embeddable":true,"href":"https:\/\/www.euroflex.cc\/fr\/wp-json\/wp\/v2\/users\/2"}],"replies":[{"embeddable":true,"href":"https:\/\/www.euroflex.cc\/fr\/wp-json\/wp\/v2\/comments?post=9452"}],"version-history":[{"count":1,"href":"https:\/\/www.euroflex.cc\/fr\/wp-json\/wp\/v2\/pages\/9452\/revisions"}],"predecessor-version":[{"id":10258,"href":"https:\/\/www.euroflex.cc\/fr\/wp-json\/wp\/v2\/pages\/9452\/revisions\/10258"}],"up":[{"embeddable":true,"href":"https:\/\/www.euroflex.cc\/fr\/wp-json\/wp\/v2\/pages\/9443"}],"wp:attachment":[{"href":"https:\/\/www.euroflex.cc\/fr\/wp-json\/wp\/v2\/media?parent=9452"}],"curies":[{"name":"wp","href":"https:\/\/api.w.org\/{rel}","templated":true}]}}