{"id":10145,"date":"2021-02-17T12:23:12","date_gmt":"2021-02-17T11:23:12","guid":{"rendered":"http:\/\/beta.newwave-media.it\/euroflex\/pieces-detachees-stores\/"},"modified":"2021-02-17T14:05:18","modified_gmt":"2021-02-17T13:05:18","slug":"pieces-detachees-stores","status":"publish","type":"page","link":"https:\/\/www.euroflex.cc\/fr\/pieces-detachees-stores\/","title":{"rendered":"Pi\u00e8ces d\u00e9tach\u00e9es stores"},"content":{"rendered":"","protected":false},"excerpt":{"rendered":"","protected":false},"author":2,"featured_media":0,"parent":0,"menu_order":0,"comment_status":"closed","ping_status":"closed","template":"","meta":[],"yoast_head":"<!-- This site is optimized with the Yoast SEO plugin v15.8 - https:\/\/yoast.com\/wordpress\/plugins\/seo\/ -->\n<title>Pi\u00e8ces d\u00e9tach\u00e9es stores | Euroflex<\/title>\n<meta name=\"robots\" content=\"index, follow, max-snippet:-1, max-image-preview:large, max-video-preview:-1\" \/>\n<link rel=\"canonical\" href=\"https:\/\/www.euroflex.cc\/fr\/pieces-detachees-stores\/\" \/>\n<meta property=\"og:locale\" content=\"fr_FR\" \/>\n<meta property=\"og:type\" content=\"article\" \/>\n<meta property=\"og:title\" content=\"Pi\u00e8ces d\u00e9tach\u00e9es stores | Euroflex\" \/>\n<meta property=\"og:url\" content=\"https:\/\/www.euroflex.cc\/fr\/pieces-detachees-stores\/\" \/>\n<meta property=\"og:site_name\" content=\"Euroflex\" \/>\n<meta property=\"article:modified_time\" content=\"2021-02-17T13:05:18+00:00\" \/>\n<meta name=\"twitter:card\" content=\"summary_large_image\" \/>\n<script type=\"application\/ld+json\" class=\"yoast-schema-graph\">{\"@context\":\"https:\/\/schema.org\",\"@graph\":[{\"@type\":\"WebSite\",\"@id\":\"https:\/\/www.euroflex.cc\/en\/#website\",\"url\":\"https:\/\/www.euroflex.cc\/en\/\",\"name\":\"Euroflex\",\"description\":\"Componenti per tende da sole\",\"inLanguage\":\"fr-FR\"},{\"@type\":\"WebPage\",\"@id\":\"https:\/\/www.euroflex.cc\/fr\/pieces-detachees-stores\/#webpage\",\"url\":\"https:\/\/www.euroflex.cc\/fr\/pieces-detachees-stores\/\",\"name\":\"Pi\\u00e8ces d\\u00e9tach\\u00e9es stores | Euroflex\",\"isPartOf\":{\"@id\":\"https:\/\/www.euroflex.cc\/en\/#website\"},\"datePublished\":\"2021-02-17T11:23:12+00:00\",\"dateModified\":\"2021-02-17T13:05:18+00:00\",\"breadcrumb\":{\"@id\":\"https:\/\/www.euroflex.cc\/fr\/pieces-detachees-stores\/#breadcrumb\"},\"inLanguage\":\"fr-FR\",\"potentialAction\":[{\"@type\":\"ReadAction\",\"target\":[\"https:\/\/www.euroflex.cc\/fr\/pieces-detachees-stores\/\"]}]},{\"@type\":\"BreadcrumbList\",\"@id\":\"https:\/\/www.euroflex.cc\/fr\/pieces-detachees-stores\/#breadcrumb\",\"itemListElement\":[{\"@type\":\"ListItem\",\"position\":1,\"item\":{\"@type\":\"WebPage\",\"@id\":\"https:\/\/www.euroflex.cc\/fr\/\",\"url\":\"https:\/\/www.euroflex.cc\/fr\/\",\"name\":\"Home\"}},{\"@type\":\"ListItem\",\"position\":2,\"item\":{\"@type\":\"WebPage\",\"@id\":\"https:\/\/www.euroflex.cc\/fr\/pieces-detachees-stores\/\",\"url\":\"https:\/\/www.euroflex.cc\/fr\/pieces-detachees-stores\/\",\"name\":\"Pi\\u00e8ces d\\u00e9tach\\u00e9es stores\"}}]}]}<\/script>\n<!-- \/ Yoast SEO plugin. -->","_links":{"self":[{"href":"https:\/\/www.euroflex.cc\/fr\/wp-json\/wp\/v2\/pages\/10145"}],"collection":[{"href":"https:\/\/www.euroflex.cc\/fr\/wp-json\/wp\/v2\/pages"}],"about":[{"href":"https:\/\/www.euroflex.cc\/fr\/wp-json\/wp\/v2\/types\/page"}],"author":[{"embeddable":true,"href":"https:\/\/www.euroflex.cc\/fr\/wp-json\/wp\/v2\/users\/2"}],"replies":[{"embeddable":true,"href":"https:\/\/www.euroflex.cc\/fr\/wp-json\/wp\/v2\/comments?post=10145"}],"version-history":[{"count":1,"href":"https:\/\/www.euroflex.cc\/fr\/wp-json\/wp\/v2\/pages\/10145\/revisions"}],"predecessor-version":[{"id":10196,"href":"https:\/\/www.euroflex.cc\/fr\/wp-json\/wp\/v2\/pages\/10145\/revisions\/10196"}],"wp:attachment":[{"href":"https:\/\/www.euroflex.cc\/fr\/wp-json\/wp\/v2\/media?parent=10145"}],"curies":[{"name":"wp","href":"https:\/\/api.w.org\/{rel}","templated":true}]}}